{"id":4,"date":"2025-06-11T10:17:21","date_gmt":"2025-06-11T08:17:21","guid":{"rendered":"https:\/\/imker.pl\/webinary\/index.php\/strona-glowna\/"},"modified":"2025-08-22T12:12:29","modified_gmt":"2025-08-22T10:12:29","slug":"strona-glowna","status":"publish","type":"page","link":"https:\/\/imker.pl\/webinary\/","title":{"rendered":"Strona g\u0142\u00f3wna"},"content":{"rendered":"\r\n  <style>\r\n    .top-menu-content {\r\n      --logo-mobile: 39px;\r\n      --logo-tablet: 44px;\r\n      --logo-desktop: 64px;\r\n    }\r\n  <\/style>\r\n\r\n  <section id=\"top-fixed-wrap-1\"  class=\"top-fixed-wrapper alignwide text-align-left alignwide wp-block-acf-top-menu\">\r\n    <div class=\"top-menu-content\">\r\n\r\n      <span class=\"logo\">\r\n                  <a href=\"https:\/\/imker.pl\">\r\n                  <img decoding=\"async\" loading=\"lazy\" src=\"https:\/\/imker.pl\/webinary\/wp-content\/uploads\/2025\/06\/logo-imker2x.webp\" alt=\"imker.pl\/webinary\" width=\"344\" height=\"121\">\r\n        <\/a>\r\n      <\/span><!-- \/.logo -->\r\n\r\n      <div id=\"nav\">\r\n        \r\n      <\/div><!-- \/#nav -->\r\n\r\n      <button class=\"nav-toggle\" aria-controls=\"mobileMenu\"><svg viewBox=\"0 0 32 32\"><use xlink:href=\"#menu\"><\/use><\/svg><span>Menu<\/span><\/button><!-- \/.nav-toggle -->\r\n    <\/div><!-- \/.top-menu-content -->\r\n  <\/section><!-- \/.top-fixed-wrapper -->\r\n\r\n  \r\n  <div class=\"drawer js-drawer\" id=\"mobileMenu\">\r\n    <div class=\"drawer__content\" role=\"alertdialog\" aria-labelledby=\"drawer-title-1\">\r\n      <div class=\"drawer__body js-drawer__body\">\r\n        <div class=\"content\">\r\n          <button class=\"drawer__close-btn js-drawer__close js-tab-focus\">\r\n            Zamknij\r\n          <\/button>\r\n\r\n          <span class=\"logo\">\r\n            <a href=\"https:\/\/imker.pl\/webinary\/\">\r\n              <img decoding=\"async\" loading=\"lazy\" src=\"https:\/\/imker.pl\/webinary\/wp-content\/uploads\/2025\/06\/logo-imker2x.webp\" alt=\"imker.pl\/webinary\" width=\"344\" height=\"121\">\r\n            <\/a>\r\n          <\/span><!-- \/.logo -->\r\n\r\n\r\n          \r\n\r\n        <\/div><!-- \/.content -->\r\n      <\/div>\r\n    <\/div>\r\n  <\/div>\r\n\r\n  \n\n\n<section style=\"max-width:1200px; margin:40px auto 0 auto; padding:20px; font-family: Arial, sans-serif; color:#000;\">\n  <h2 style=\"\n    text-align:left;\n    font-size:36px;\n    font-weight:800;\n    background: linear-gradient(90deg, #da2343, #ff6a3c);\n    -webkit-background-clip: text;\n    -webkit-text-fill-color: transparent;\n    margin-bottom:40px;\n  \">\n    Archiwalne webinary\n  <\/h2>\n\n  <div class=\"webinar-container\">\n\n    <!-- Webinar 5 (NOWY \u2013 na g\u00f3rze) -->\n    <div class=\"webinar-box\">\n      <img decoding=\"async\" src=\"https:\/\/imker.pl\/webinary\/wp-content\/uploads\/2025\/08\/imker-webinar-kursy-online.png\"\n           alt=\"Ok\u0142adka webinaru Zacznij kursowa\u0107!\" class=\"webinar-img\" \/>\n      <div class=\"webinar-content\">\n        <h3 class=\"webinar-title\">\n          Zacznij kursowa\u0107! Jak zamieni\u0107 wiedz\u0119 w dochodowy kurs online (nawet podczas urlopu)?\n        <\/h3>\n        <p class=\"webinar-text\">\n          Na tym webinarze poznasz sprawdzony proces tworzenia kursu online \u2013 od pierwszego pomys\u0142u a\u017c po sprzeda\u017c. \n          Zobaczysz, jak po\u0142\u0105czy\u0107 swoj\u0105 wiedz\u0119 z prostymi narz\u0119dziami i&nbsp;zacz\u0105\u0107 zarabia\u0107 na kursach, \n          nie rezygnuj\u0105c z wakacji ani wolnego czasu.\n        <\/p>\n        <div class=\"webinar-button-wrapper\">\n          <a href=\"https:\/\/wiedza-imker.salescrm.pl\/cart\/add_product\/16857\" class=\"webinar-button\">\n            Obejrzyj powt\u00f3rk\u0119 za 49 z\u0142 &rarr;\n          <\/a>\n        <\/div>\n      <\/div>\n    <\/div>\n\n\n    <!-- Webinar 1 -->\n    <div class=\"webinar-box\">\n      <img decoding=\"async\" src=\"https:\/\/imker.pl\/webinary\/wp-content\/uploads\/2025\/06\/poznaj-kulisy-topowych-tworcow.png\"\n           alt=\"Ok\u0142adka webinaru Jak oni to robi\u0105?\" class=\"webinar-img\" \/>\n      <div class=\"webinar-content\">\n        <h3 class=\"webinar-title\">\n          Jak oni to robi\u0105? Poznaj kulisy biznesu topowych tw\u00f3rc\u00f3w.\n        <\/h3>\n        <p class=\"webinar-text\">\n          Na tym webinarze dowiesz si\u0119, co \u0142\u0105czy tw\u00f3rc\u00f3w, kt\u00f3rzy odnie\u015bli sukces w sprzeda\u017cy w\u0142asnych produkt\u00f3w (i&nbsp;nie jest to przypadek). Poznasz techniki, kt\u00f3re stosuj\u0105 najlepsi, ale jednocze\u015bnie takie, kt\u00f3re mo\u017cesz zastosowa\u0107, nie maj\u0105c kilkuset tysi\u0119cy obserwuj\u0105cych.\n        <\/p>\n        <div class=\"webinar-button-wrapper\">\n          <a href=\"https:\/\/wiedza-imker.salescrm.pl\/cart\/add_product\/16653\" class=\"webinar-button\">\n            Obejrzyj powt\u00f3rk\u0119 za 49 z\u0142 &rarr;\n          <\/a>\n        <\/div>\n      <\/div>\n    <\/div>\n\n    <!-- Webinar 2 -->\n    <div class=\"webinar-box\">\n      <img decoding=\"async\" src=\"https:\/\/imker.pl\/webinary\/wp-content\/uploads\/2025\/06\/sekrety-skutecznego-newslettera.png\"\n           alt=\"Ok\u0142adka webinaru Sekrety skutecznego newslettera\" class=\"webinar-img\" \/>\n      <div class=\"webinar-content\">\n        <h3 class=\"webinar-title\">\n          Sekrety skutecznego newslettera\n        <\/h3>\n        <p class=\"webinar-text\">\n          Na tym webinarze dowiesz si\u0119, jak prowadzi\u0107 newsletter, kt\u00f3ry naprawd\u0119 sprzedaje. Zobaczysz, co robi\u0105 tw\u00f3rcy, kt\u00f3rym ka\u017cda wiadomo\u015b\u0107 przynosi konkretne przychody i&nbsp;nauczysz si\u0119 pisa\u0107 tak, by Twoi odbiorcy nie mogli si\u0119 doczeka\u0107 kolejnego maila od Ciebie.\n        <\/p>\n        <div class=\"webinar-button-wrapper\">\n          <a href=\"https:\/\/wiedza-imker.salescrm.pl\/cart\/add_product\/16651\" class=\"webinar-button\">\n            Obejrzyj powt\u00f3rk\u0119 za 49 z\u0142 &rarr;\n          <\/a>\n        <\/div>\n      <\/div>\n    <\/div>\n\n    <!-- Webinar 3 -->\n    <div class=\"webinar-box\">\n      <img decoding=\"async\" src=\"https:\/\/imker.pl\/webinary\/wp-content\/uploads\/2025\/06\/jak-sprzedawac-ebooki-na-autopilocie-17.png\"\n           alt=\"Ok\u0142adka webinaru Jak sprzedawa\u0107 e-booki na autopilocie\" class=\"webinar-img\" \/>\n      <div class=\"webinar-content\">\n        <h3 class=\"webinar-title\">\n          Jak sprzedawa\u0107 ebooki na autopilocie\n        <\/h3>\n        <p class=\"webinar-text\">\n          Na tym webinarze odkryjesz sprawdzony system, dzi\u0119ki kt\u00f3remu Tw\u00f3rcy zarabiaj\u0105 na e-bookach nawet wtedy, gdy \u015bpi\u0105. Zobaczysz, jak zbudowa\u0107 automatyzacj\u0119 sprzeda\u017cy krok po kroku &#8211; bez skomplikowanej technologii i bez konieczno\u015bci codziennego promowania produktu.\n        <\/p>\n        <div class=\"webinar-button-wrapper\">\n          <a href=\"https:\/\/wiedza-imker.salescrm.pl\/cart\/add_product\/16644\" class=\"webinar-button\">\n            Obejrzyj powt\u00f3rk\u0119 za 49 z\u0142 &rarr;\n          <\/a>\n        <\/div>\n      <\/div>\n    <\/div>\n\n  <!-- Webinar 3 -->\n    <div class=\"webinar-box\">\n      <img decoding=\"async\" src=\"https:\/\/imker.pl\/webinary\/wp-content\/uploads\/2025\/06\/okladka-yt-1280-x-720-px.png\"\n           alt=\"Ok\u0142adka webinaru Tw\u00f3rca 2025\" class=\"webinar-img\" \/>\n      <div class=\"webinar-content\">\n        <h3 class=\"webinar-title\">\n           <span class=\"gradient-text\">Tw\u00f3rca 2025<\/span> &#8211; Stw\u00f3rz system, kt\u00f3ry b\u0119dzie pracowa\u0142 dla Ciebie.\n        <\/h3>\n        <p class=\"webinar-text\">\n          Podczas tego webinaru dowiesz si\u0119, co dzia\u0142a TERAZ. Pouk\u0142adasz swoj\u0105 strategi\u0119 i sprawisz, \u017ce Twoja oferta przestanie by\u0107 losowym zbiorem dzia\u0142a\u0144, a zamieni si\u0119 w przemy\u015blany system, kt\u00f3ry generuje sprzeda\u017c. \n        <\/p>\n        <div class=\"webinar-button-wrapper\">\n          <a href=\"https:\/\/wiedza-imker.salescrm.pl\/cart\/add_product\/16618\" class=\"webinar-button\">\n            Obejrzyj powt\u00f3rk\u0119 za 49 z\u0142 &rarr;\n          <\/a>\n        <\/div>\n      <\/div>\n    <\/div>\n\n  <\/div>\n<\/section>\n\n<style>\n  .webinar-container {\n    display: flex;\n    flex-direction: column;\n    gap: 30px;\n  }\n\n  .webinar-box {\n    display: flex;\n    background: #f9f9f9;\n    border-radius: 8px;\n    box-shadow: 0 2px 8px rgba(0, 0, 0, 0.1);\n    overflow: hidden;\n    align-items: stretch;\n    flex-wrap: wrap;\n  }\n\n  .webinar-img {\n    width: 45%;\n    object-fit: cover;\n    flex-shrink: 0;\n  }\n\n  .webinar-content {\n    width: 55%;\n    padding: 20px 25px;\n    display: flex;\n    flex-direction: column;\n    justify-content: space-between;\n    box-sizing: border-box;\n  }\n\n  .webinar-title {\n    font-size: 28px;\n    font-weight: 700;\n    margin-bottom: 10px;\n    line-height: 1.2;\n    color: #222;\n  }\n\n  .webinar-text {\n    font-size: 16px;\n    color: #555;\n    margin-bottom: 15px;\n    line-height: 1.5;\n  }\n\n  .webinar-button-wrapper {\n    display: flex;\n    justify-content: flex-start;\n  }\n\n  .webinar-button {\n    background: #da2343;\n    color: #fff;\n    font-weight: 600;\n    font-size: 14px;\n    border-radius: 20px;\n    text-decoration: none;\n    cursor: pointer;\n    padding: 6px 14px;\n    transition: background 0.3s ease;\n    text-align: center;\n    max-width: 100%;\n    box-sizing: border-box;\n    display: inline-block;\n    white-space: normal;\n  }\n\n  .webinar-button:hover {\n    background: #b2222f;\n  }\n\n  @media (max-width: 768px) {\n    .webinar-box {\n      flex-direction: column;\n    }\n\n    .webinar-img {\n      width: 100%;\n      height: auto;\n    }\n\n    .webinar-content {\n      width: 100%;\n      padding: 20px;\n    }\n\n    .webinar-button-wrapper {\n      justify-content: center;\n    }\n\n    .webinar-button {\n      max-width: 90%;\n    }\n  }\n<\/style>\n\n\n\n<section style=\"max-width:900px; margin: 60px auto; padding: 40px 20px; font-family: Arial, sans-serif; color: #222; background: #fff; border-radius: 12px; box-shadow: 0 4px 15px rgba(0,0,0,0.1);\">\n\n  <h2 style=\"\n    font-size: 32px;\n    font-weight: 800;\n    margin-bottom: 25px;\n    background: linear-gradient(90deg, #da2343, #ff6a3c);\n    -webkit-background-clip: text;\n    -webkit-text-fill-color: transparent;\n    background-clip: text;\n    text-fill-color: transparent;\n    text-align: center;\n  \">\n    Nie chcesz przegapi\u0107 kolejnych webinar\u00f3w?\n  <\/h2>\n\n  <p style=\"\n    font-size: 18px;\n    line-height: 1.6;\n    margin-bottom: 15px;\n    text-align: center;\n    max-width: 700px;\n    margin-left: auto;\n    margin-right: auto;\n  \">\n    Nasze webinary na \u017cywo s\u0105 za darmo lub w znacznie ni\u017cszej cenie ni\u017c powt\u00f3rki, dlatego warto by\u0107 na bie\u017c\u0105co.\n  <\/p>\n\n  <p style=\"\n    font-size: 18px;\n    line-height: 1.6;\n    margin-bottom: 35px;\n    text-align: center;\n    max-width: 700px;\n    margin-left: auto;\n    margin-right: auto;\n  \">\n    Podaj nam sw\u00f3j adres mailowy, a&nbsp;zadbamy o to, \u017ceby nie omin\u0119\u0142a Ci\u0119 \u017cadna wiadomo\u015b\u0107 o nadchodz\u0105cym webinarze!\n  <\/p>\n\n  <div id=\"hubspot-form\" style=\"max-width: 700px; margin: 0 auto;\"><\/div>\n\n  <script charset=\"utf-8\" type=\"text\/javascript\" src=\"\/\/js-eu1.hsforms.net\/forms\/embed\/v2.js\"><\/script>\n  <script>\n    hbspt.forms.create({\n      portalId: \"27093186\",\n      formId: \"07cc6a85-786e-4930-bcf5-6a6bafa0c64b\",\n      region: \"eu1\",\n      target: \"#hubspot-form\"\n    });\n  <\/script>\n\n<\/section>\n\n\n","protected":false},"excerpt":{"rendered":"<p>Archiwalne webinary Zacznij kursowa\u0107! Jak zamieni\u0107 wiedz\u0119 w dochodowy kurs online (nawet podczas urlopu)? Na tym webinarze poznasz sprawdzony proces tworzenia kursu online \u2013 od pierwszego pomys\u0142u a\u017c po sprzeda\u017c. Zobaczysz, jak po\u0142\u0105czy\u0107 swoj\u0105 wiedz\u0119 z prostymi narz\u0119dziami i&nbsp;zacz\u0105\u0107 zarabia\u0107 na kursach, nie rezygnuj\u0105c z wakacji ani wolnego czasu. Obejrzyj powt\u00f3rk\u0119 za 49 z\u0142 &rarr; [&hellip;]<\/p>\n","protected":false},"author":1,"featured_media":0,"parent":0,"menu_order":0,"comment_status":"closed","ping_status":"closed","template":"","meta":{"_acf_changed":false,"footnotes":""},"class_list":["post-4","page","type-page","status-publish","hentry"],"acf":[],"_links":{"self":[{"href":"https:\/\/imker.pl\/webinary\/wp-json\/wp\/v2\/pages\/4","targetHints":{"allow":["GET"]}}],"collection":[{"href":"https:\/\/imker.pl\/webinary\/wp-json\/wp\/v2\/pages"}],"about":[{"href":"https:\/\/imker.pl\/webinary\/wp-json\/wp\/v2\/types\/page"}],"author":[{"embeddable":true,"href":"https:\/\/imker.pl\/webinary\/wp-json\/wp\/v2\/users\/1"}],"replies":[{"embeddable":true,"href":"https:\/\/imker.pl\/webinary\/wp-json\/wp\/v2\/comments?post=4"}],"version-history":[{"count":80,"href":"https:\/\/imker.pl\/webinary\/wp-json\/wp\/v2\/pages\/4\/revisions"}],"predecessor-version":[{"id":1096,"href":"https:\/\/imker.pl\/webinary\/wp-json\/wp\/v2\/pages\/4\/revisions\/1096"}],"wp:attachment":[{"href":"https:\/\/imker.pl\/webinary\/wp-json\/wp\/v2\/media?parent=4"}],"curies":[{"name":"wp","href":"https:\/\/api.w.org\/{rel}","templated":true}]}}