{"id":485,"date":"2022-03-16T12:54:37","date_gmt":"2022-03-16T11:54:37","guid":{"rendered":"https:\/\/imker.pl\/salescrm\/?page_id=485"},"modified":"2025-11-28T11:43:48","modified_gmt":"2025-11-28T10:43:48","slug":"regulamin-salescrm","status":"publish","type":"page","link":"https:\/\/imker.pl\/salescrm\/regulamin-salescrm\/","title":{"rendered":"Regulamin \u015bwiadczenia us\u0142ug SalesCRM"},"content":{"rendered":"\r\n<p>Poni\u017cej opublikowano aktualn\u0105 tre\u015b\u0107 regulaminu \u015bwiadczenia us\u0142ug oprogramowania do sprzeda\u017cy i\u00a0dostarczania produkt\u00f3w od firmy <strong>Imker Sp. z o.o.<\/strong><\/p>\r\n\r\n\r\n\r\n<p>Regulamin jest integraln\u0105 cz\u0119\u015bci\u0105 zawieranej umowy, jego akceptacja jest obowi\u0105zkowa podczas zak\u0142adania konta na\u00a0platformie SalesCRM oraz\u00a0przy zakupie odpowiedniego abonamentu.<\/p>\r\n\r\n\r\n\r\n<p>Zapraszamy do\u00a0lektury!<\/p>\r\n\r\n\r\n<hr class=\"wp-block-separator\" \/>\r\n\r\n\r\n<h2 class=\"wp-block-heading\">Aktualny regulamin:<\/h2>\r\n\r\n\r\n\r\n<ul class=\"wp-block-list\">\r\n<li><strong><a href=\"https:\/\/imker.pl\/salescrm\/wp-content\/uploads\/2024\/05\/Regulamin-swiadczenia-uslug-Imker-Sp.-z-o.o.pdf\" target=\"_blank\" rel=\"noreferrer noopener nofollow\">Tre\u015b\u0107 regulaminu obowi\u0105zuj\u0105ca od 14 maja 2024 r. \u00bb<\/a><\/strong> (aktualna)<\/li>\r\n<li><strong><a href=\"https:\/\/imker.pl\/salescrm\/wp-content\/uploads\/2022\/05\/regulamin-salescrm-od-2-maja-2022.pdf\" target=\"_blank\" rel=\"noreferrer noopener nofollow\">Tre\u015b\u0107 regulaminu obowi\u0105zuj\u0105ca od 2 maja 2022 r. \u00bb<\/a><\/strong> (archiwalnya)<\/li>\r\n<\/ul>\r\n\r\n\r\n\r\n<p>W\u00a0regulaminie opisujemy kluczowe warunki korzystania z\u00a0platformy sprzeda\u017cowej SalesCRM, deklarowan\u0105 dost\u0119pno\u015b\u0107 oraz\u00a0dodatkowe informacje zwi\u0105zane z\u00a0jej funkcjonowaniem.<\/p>\r\n\r\n\r\n<hr class=\"wp-block-separator\" \/>\r\n\r\n\r\n<h2 class=\"wp-block-heading\">Regulamin oferty specjalnej PAKIET STANDARD:<\/h2>\r\n<h2>\r\n\r\n<\/h2>\r\n<ul class=\"wp-block-list\">\r\n<li><strong><a href=\"https:\/\/imker.pl\/salescrm\/wp-content\/uploads\/2025\/05\/Regulamin-oferty-STANDARD.pdf\" target=\"_blank\" rel=\"noreferrer noopener nofollow\">Tre\u015b\u0107 regulaminu obowi\u0105zuj\u0105ca od dnia 13 maja 2025 roku. \u00bb<\/a><\/strong> (aktualna)<\/li>\r\n<\/ul>\r\n<h2>\r\n\r\n<\/h2>\r\n<hr \/>\r\n<h2>Regulamin oferty PAKIET PROFESSIONAL:<\/h2>\r\n<ul>\r\n<li><strong><a href=\"https:\/\/imker.pl\/salescrm\/wp-content\/uploads\/2025\/11\/Regulamin-Imker-Imkreator-_styczen25.docx.pdf\" target=\"_blank\" rel=\"noreferrer noopener nofollow\">Tre\u015b\u0107 regulaminu dla Imkreatora obowi\u0105zuj\u0105ca od stycznia 2025 roku. \u00bb<\/a><\/strong> (aktualna)<\/li>\r\n<\/ul>\r\n<hr \/>\r\n<h2>Archiwalne regulaminy:<\/h2>\r\n\r\n\r\n\r\n<p>Tre\u015b\u0107 regulamin\u00f3w archiwalnych dost\u0119pna jest poni\u017cej.<\/p>\r\n\r\n\r\n\r\n<ul class=\"wp-block-list\">\r\n<li><a href=\"https:\/\/imker.pl\/salescrm\/wp-content\/uploads\/2021\/12\/regulamin-imker-salescrm-od-6.11.pdf\">Tre\u015b\u0107 regulaminu obowi\u0105zuj\u0105ca od\u00a06 listopada 2021 r. \u00bb<\/a> (archiwalna)<\/li>\r\n<\/ul>\r\n\r\n\r\n\r\n<p>&nbsp;<\/p>\r\n","protected":false},"excerpt":{"rendered":"<p>Poni\u017cej opublikowano aktualn\u0105 tre\u015b\u0107 regulaminu \u015bwiadczenia us\u0142ug oprogramowania do sprzeda\u017cy i\u00a0dostarczania produkt\u00f3w od firmy Imker Sp. z o.o. Regulamin jest integraln\u0105 cz\u0119\u015bci\u0105 zawieranej umowy, jego akceptacja jest obowi\u0105zkowa podczas zak\u0142adania konta na\u00a0platformie SalesCRM oraz\u00a0przy zakupie odpowiedniego abonamentu. Zapraszamy do\u00a0lektury! Aktualny regulamin: Tre\u015b\u0107 regulaminu obowi\u0105zuj\u0105ca od 14 maja 2024 r. \u00bb (aktualna) Tre\u015b\u0107 regulaminu obowi\u0105zuj\u0105ca od [&hellip;]<\/p>\n","protected":false},"author":1,"featured_media":0,"parent":0,"menu_order":0,"comment_status":"closed","ping_status":"closed","template":"","meta":{"_acf_changed":false,"inline_featured_image":false,"footnotes":""},"class_list":["post-485","page","type-page","status-publish","hentry"],"acf":[],"aioseo_notices":[],"_links":{"self":[{"href":"https:\/\/imker.pl\/salescrm\/wp-json\/wp\/v2\/pages\/485","targetHints":{"allow":["GET"]}}],"collection":[{"href":"https:\/\/imker.pl\/salescrm\/wp-json\/wp\/v2\/pages"}],"about":[{"href":"https:\/\/imker.pl\/salescrm\/wp-json\/wp\/v2\/types\/page"}],"author":[{"embeddable":true,"href":"https:\/\/imker.pl\/salescrm\/wp-json\/wp\/v2\/users\/1"}],"replies":[{"embeddable":true,"href":"https:\/\/imker.pl\/salescrm\/wp-json\/wp\/v2\/comments?post=485"}],"version-history":[{"count":15,"href":"https:\/\/imker.pl\/salescrm\/wp-json\/wp\/v2\/pages\/485\/revisions"}],"predecessor-version":[{"id":1013,"href":"https:\/\/imker.pl\/salescrm\/wp-json\/wp\/v2\/pages\/485\/revisions\/1013"}],"wp:attachment":[{"href":"https:\/\/imker.pl\/salescrm\/wp-json\/wp\/v2\/media?parent=485"}],"curies":[{"name":"wp","href":"https:\/\/api.w.org\/{rel}","templated":true}]}}