{"id":4,"date":"2025-08-13T15:33:47","date_gmt":"2025-08-13T13:33:47","guid":{"rendered":"https:\/\/imker.pl\/poradniki\/index.php\/strona-glowna\/"},"modified":"2025-10-29T11:56:08","modified_gmt":"2025-10-29T10:56:08","slug":"strona-glowna","status":"publish","type":"page","link":"https:\/\/imker.pl\/poradniki\/","title":{"rendered":"Strona g\u0142\u00f3wna"},"content":{"rendered":"\r\n  <style>\r\n    .top-menu-content {\r\n      --logo-mobile: 24px;\r\n      --logo-tablet: 44px;\r\n      --logo-desktop: 64px;\r\n    }\r\n  <\/style>\r\n\r\n  <section id=\"top-fixed-wrap-1\"  class=\"top-fixed-wrapper alignwide text-align-left alignwide wp-block-acf-top-menu\">\r\n    <div class=\"top-menu-content\">\r\n\r\n      <span class=\"logo\">\r\n                  <a href=\"https:\/\/imker.pl\/\">\r\n                  <img decoding=\"async\" loading=\"lazy\" src=\"https:\/\/imker.pl\/poradniki\/wp-content\/uploads\/2025\/08\/logo-imker2x.webp\" alt=\"imker.pl\/poradniki\" width=\"344\" height=\"121\">\r\n        <\/a>\r\n      <\/span><!-- \/.logo -->\r\n\r\n      <div id=\"nav\">\r\n        \r\n      <\/div><!-- \/#nav -->\r\n\r\n      <button class=\"nav-toggle\" aria-controls=\"mobileMenu\"><svg viewBox=\"0 0 32 32\"><use xlink:href=\"#menu\"><\/use><\/svg><span>Menu<\/span><\/button><!-- \/.nav-toggle -->\r\n    <\/div><!-- \/.top-menu-content -->\r\n  <\/section><!-- \/.top-fixed-wrapper -->\r\n\r\n  \r\n  <div class=\"drawer js-drawer\" id=\"mobileMenu\">\r\n    <div class=\"drawer__content\" role=\"alertdialog\" aria-labelledby=\"drawer-title-1\">\r\n      <div class=\"drawer__body js-drawer__body\">\r\n        <div class=\"content\">\r\n          <button class=\"drawer__close-btn js-drawer__close js-tab-focus\">\r\n            Zamknij\r\n          <\/button>\r\n\r\n          <span class=\"logo\">\r\n            <a href=\"https:\/\/imker.pl\/poradniki\/\">\r\n              <img decoding=\"async\" loading=\"lazy\" src=\"https:\/\/imker.pl\/poradniki\/wp-content\/uploads\/2025\/08\/logo-imker2x.webp\" alt=\"imker.pl\/poradniki\" width=\"344\" height=\"121\">\r\n            <\/a>\r\n          <\/span><!-- \/.logo -->\r\n\r\n\r\n          \r\n\r\n        <\/div><!-- \/.content -->\r\n      <\/div>\r\n    <\/div>\r\n  <\/div>\r\n\r\n  \n\n\n<!DOCTYPE html>\n<html lang=\"pl\">\n<head>\n<meta charset=\"UTF-8\" \/>\n<meta name=\"viewport\" content=\"width=device-width, initial-scale=1.0\"\/>\n<title>Poradniki dla Tw\u00f3rc\u00f3w<\/title>\n<link href=\"https:\/\/fonts.googleapis.com\/css2?family=Open+Sans:wght@400;600;700;800&#038;display=swap\" rel=\"stylesheet\">\n<style>\n  :root{\n    --brand1:#DA2343; --brand2:#FF6A3C;\n    --text:#111827; --muted:#6B7280; --bg:#f7f7f7; --card:#ffffff;\n    --shadow:0 2px 14px rgba(0,0,0,.08); --radius:14px;\n    --pill:#f1f3f5; --pill-b:#e6e8eb;\n  }\n  html,body{margin:0;padding:0;background:var(--bg);color:var(--text);font-family:'Open Sans',sans-serif;}\n  .container{max-width:1100px;margin:0 auto;padding:40px 16px;}\n  \/* HERO *\/\n  .hero{ text-align:center; margin-bottom:28px; }\n  .hero h1{ margin:0 0 10px; font-weight:800; font-size:clamp(28px,4vw,44px); line-height:1.1; background:linear-gradient(135deg,var(--brand1),var(--brand2)); -webkit-background-clip:text; -webkit-text-fill-color:transparent; }\n  .hero p{ margin:0 auto; max-width:800px; color:var(--muted); font-size:1.05rem; }\n  \/* SEKCJE EBOOK\u00d3W *\/\n  .ebook{ display:grid; grid-template-columns:1fr; gap:18px; align-items:flex-start; background:var(--card); border-radius:var(--radius); box-shadow:var(--shadow); padding:22px; margin:22px 0; }\n  @media(min-width:900px){ .ebook{ grid-template-columns:260px 1fr; } }\n  \/* OK\u0141ADKA *\/\n  .cover{ position:relative; overflow:hidden; border-radius:10px; }\n  .cover img{ width:100%; height:auto; display:block; transition:transform .35s ease; }\n  .cover:hover img{ transform:scale(1.04); }\n  .badge-premiera{ position:absolute; top:10px; left:10px; background:linear-gradient(135deg,var(--brand1),var(--brand2)); color:#fff; font-weight:700; font-size:12px; letter-spacing:.02em; padding:6px 10px; border-radius:999px; box-shadow:0 6px 14px rgba(218,35,67,.25); text-transform:uppercase; }\n  \/* TRE\u015a\u0106 *\/\n  .content{ display:grid; gap:12px; }\n  .title{ margin:0; font-weight:800; font-size:clamp(20px,2.4vw,28px); line-height:1.2; }\n  .grad{ background:linear-gradient(135deg,var(--brand1),var(--brand2)); -webkit-background-clip:text; -webkit-text-fill-color:transparent; }\n  .author{ font-size:16px; font-weight:600; color:var(--muted); }\n  .desc{ font-size:16px; color:#374151; }\n  \/* MINI-BOKSY *\/\n  .features{ display:flex; flex-wrap:wrap; gap:8px; margin-top:2px; }\n  .feature{ background:var(--pill); border:1px solid var(--pill-b); color:#333; font-size:12.5px; font-weight:700; padding:6px 10px; border-radius:999px; white-space:nowrap; }\n  \/* CTA *\/\n  .actions{ margin-top:4px; }\n  .btn{ display:inline-flex; align-items:center; justify-content:center; padding:12px 18px; border-radius:999px; text-decoration:none; font-weight:700; font-size:16px; letter-spacing:.01em; color:#fff; background:linear-gradient(135deg,var(--brand1),var(--brand2)); box-shadow:0 4px 10px rgba(218,35,67,.25); transition:transform .15s ease, box-shadow .15s ease, opacity .15s ease; }\n  .btn:hover{ transform:translateY(-1px); box-shadow:0 6px 14px rgba(218,35,67,.28); opacity:.98; }\n  \/* MOBILE DOPASOWANIA *\/\n  @media(max-width:899px){\n    .ebook{ grid-template-columns:1fr; text-align:center; gap:14px; padding:18px; }\n    .cover{ max-width:220px; margin:0 auto; }\n    .features{ justify-content:center; }\n    .feature{ white-space:normal; line-height:1.35; }\n    .actions{ display:flex; justify-content:center; }\n    .btn{ width:100%; max-width:320px; }\n  }\n  @media(max-width:480px){\n    .cover{ max-width:180px; }\n    .title{ font-size:20px; }\n  }\n<\/style>\n<\/head>\n<body>\n  <div class=\"container\">\n    <div class=\"hero\">\n      <h1>Poradniki dla Tw\u00f3rc\u00f3w<\/h1>\n      <p>Chcesz zacz\u0105\u0107 zarabia\u0107 na w\u0142asnych produktach, ale nie wiesz jak? Przygotowali\u015bmy dla Ciebie e-booki, kt\u00f3re Ci w tym pomog\u0105! W naszych poradnikach znajdziesz informacje potrzebne przy pierwszych krokach w \u015bwiecie e-commerce.<\/p>\n    <\/div>\n\n    <!-- EBOOK 1: PRZEDSPRZEDA\u017b (z mini-boksami) -->\n    <section class=\"ebook\">\n      <div class=\"cover\">\n        <img decoding=\"async\" src=\"https:\/\/imker.pl\/poradniki\/wp-content\/uploads\/2025\/08\/okladka-e-book-przedsprzedaz-2.png\" alt=\"Ok\u0142adka ebooka: Wszystko, co musisz wiedzie\u0107 przed przedsprzeda\u017c\u0105\">\n        <span class=\"badge-premiera\">Premiera<\/span>\n      <\/div>\n      <div class=\"content\">\n        <h2 class=\"title\">Wszystko, co musisz wiedzie\u0107 przed <span class=\"grad\">przedsprzeda\u017c\u0105<\/span><\/h2>\n        <div class=\"author\">Autor: Katarzyna Tymicka<\/div>\n        <p class=\"desc\">Przera\u017ca Ci\u0119 to, ile rzeczy jest do zrobienia, aby uruchomi\u0107 przedsprzeda\u017c? A mo\u017ce boisz si\u0119, \u017ce przez brak wiedzy pope\u0142nisz podstawowe b\u0142\u0119dy? Spokojnie \u2013 mo\u017cesz nauczy\u0107 si\u0119 na b\u0142\u0119dach innych! Odkryj tajniki preorderu i dowiedz si\u0119, jak uzyska\u0107 pierwsze zam\u00f3wienia bez stresu, chaosu i miesi\u0119cy pracy.<\/p>\n        <div class=\"features\" aria-label=\"Najwa\u017cniejsze elementy e\u2011booka o przedsprzeda\u017cy\">\n          <span class=\"feature\">63 strony pe\u0142ne wiedzy<\/span>\n          <span class=\"feature\">3 warianty preorderu<\/span>\n          <span class=\"feature\">Wnioski z 500+ premier<\/span>\n        <\/div>\n        <div class=\"actions\">\n          <a class=\"btn\" href=\"https:\/\/imker.pl\/poradniki\/przedsprzedaz\/\">Pobierz e-booka!<\/a>\n        <\/div>\n      <\/div>\n    <\/section>\n\n    <!-- EBOOK 2: NAJLEPSZY KWARTA\u0141 (mini-boksy szare) -->\n    <section class=\"ebook\">\n      <div class=\"cover\">\n        <img decoding=\"async\" src=\"https:\/\/imker.pl\/poradniki\/wp-content\/uploads\/2025\/08\/e-book-najlepszy-kwartal-roku.png\" alt=\"Ok\u0142adka ebooka: Najlepszy kwarta\u0142 tego roku \u2013 Przygotuj sw\u00f3j sklep internetowy!\">\n      <\/div>\n      <div class=\"content\">\n        <h2 class=\"title\">E-book \u201e<span class=\"grad\">Najlepszy kwarta\u0142<\/span> tego roku\u201d<\/h2>\n        <div class=\"author\">Autorzy: Katarzyna Tymicka, Michalina Matwij<\/div>\n        <p class=\"desc\">E-book \u201eNajlepszy kwarta\u0142 tego roku\u201d to kompleksowy poradnik w przyst\u0119pnej, kr\u00f3tkiej formie, dzi\u0119ki kt\u00f3remu od razu b\u0119dziesz m\u00f3g\u0142 przej\u015b\u0107 do dzia\u0142ania i przygotowa\u0107 si\u0119 na tegoroczny sezon przed\u015bwi\u0105teczny!<\/p>\n        <div class=\"features\" aria-label=\"Najwa\u017cniejsze elementy e\u2011booka Q4\">\n          <span class=\"feature\">30 stron pe\u0142nych wiedzy<\/span>\n          <span class=\"feature\">4 filary, o kt\u00f3re warto zadba\u0107 w Q4<\/span>\n          <span class=\"feature\">Kalendarz z kluczowymi terminami w listopadzie i grudniu<\/span>\n        <\/div>\n        <div class=\"actions\">\n          <a class=\"btn\" href=\"https:\/\/imker.pl\/poradniki\/q4\/\">Pobierz e-booka!<\/a>\n        <\/div>\n      <\/div>\n    <\/section>\n\n    <!-- EBOOK 3: REKLAMY FB (dodane mini-boksy) -->\n    <section class=\"ebook\">\n      <div class=\"cover\">\n        <img decoding=\"async\" src=\"https:\/\/imker.pl\/poradniki\/wp-content\/uploads\/2025\/08\/jak-rozpoczac-tworzenie-reklam-na-facebooku.png\" alt=\"Ok\u0142adka ebooka: Jak rozpocz\u0105\u0107 tworzenie reklam na Facebooku?\">\n      <\/div>\n      <div class=\"content\">\n        <h2 class=\"title\">Jak rozpocz\u0105\u0107 <span class=\"grad\">tworzenie reklam<\/span> na Facebooku?<\/h2>\n        <div class=\"author\">Autor: Marek Gw\u00f3\u017ad\u017a<\/div>\n        <p class=\"desc\">Zdob\u0105d\u017a wszystkie niezb\u0119dne narz\u0119dzia i wiedz\u0119, aby Twoje reklamy na Facebooku dotar\u0142y do w\u0142a\u015bciwych os\u00f3b i zwi\u0119kszy\u0142y sprzeda\u017c Twoich produkt\u00f3w. Jak to zrobi\u0107? Szczeg\u00f3\u0142owo opisujemy to w 29-stronicowym e-booku ,,Jak rozpocz\u0105\u0107 tworzenie reklam na Facebooku\u2019\u2019. Pierwsze kroki dla Tw\u00f3rczy\u0144 i Tw\u00f3rc\u00f3w.<\/p>\n        <div class=\"features\" aria-label=\"Najwa\u017cniejsze elementy e\u2011booka o reklamach\">\n          <span class=\"feature\">29 stron wiedzy<\/span>\n          <span class=\"feature\">Podstawowa konfiguracja<\/span>\n          <span class=\"feature\">Kampania na porzucone koszyki<\/span>\n        <\/div>\n        <div class=\"actions\">\n          <a class=\"btn\" href=\"https:\/\/imker.pl\/poradniki\/ebook-reklamy-fb\/\">Pobierz e-booka!<\/a>\n        <\/div>\n      <\/div>\n    <\/section>\n\n  <\/div>\n<\/body>\n<\/html>\n","protected":false},"excerpt":{"rendered":"<p>Poradniki dla Tw\u00f3rc\u00f3w Poradniki dla Tw\u00f3rc\u00f3w Chcesz zacz\u0105\u0107 zarabia\u0107 na w\u0142asnych produktach, ale nie wiesz jak? Przygotowali\u015bmy dla Ciebie e-booki, kt\u00f3re Ci w tym pomog\u0105! W naszych poradnikach znajdziesz informacje potrzebne przy pierwszych krokach w \u015bwiecie e-commerce. Premiera Wszystko, co musisz wiedzie\u0107 przed przedsprzeda\u017c\u0105 Autor: Katarzyna Tymicka Przera\u017ca Ci\u0119 to, ile rzeczy jest do zrobienia, [&hellip;]<\/p>\n","protected":false},"author":1,"featured_media":0,"parent":0,"menu_order":0,"comment_status":"closed","ping_status":"closed","template":"","meta":{"_acf_changed":false,"footnotes":""},"class_list":["post-4","page","type-page","status-publish","hentry"],"acf":[],"_links":{"self":[{"href":"https:\/\/imker.pl\/poradniki\/wp-json\/wp\/v2\/pages\/4","targetHints":{"allow":["GET"]}}],"collection":[{"href":"https:\/\/imker.pl\/poradniki\/wp-json\/wp\/v2\/pages"}],"about":[{"href":"https:\/\/imker.pl\/poradniki\/wp-json\/wp\/v2\/types\/page"}],"author":[{"embeddable":true,"href":"https:\/\/imker.pl\/poradniki\/wp-json\/wp\/v2\/users\/1"}],"replies":[{"embeddable":true,"href":"https:\/\/imker.pl\/poradniki\/wp-json\/wp\/v2\/comments?post=4"}],"version-history":[{"count":32,"href":"https:\/\/imker.pl\/poradniki\/wp-json\/wp\/v2\/pages\/4\/revisions"}],"predecessor-version":[{"id":380,"href":"https:\/\/imker.pl\/poradniki\/wp-json\/wp\/v2\/pages\/4\/revisions\/380"}],"wp:attachment":[{"href":"https:\/\/imker.pl\/poradniki\/wp-json\/wp\/v2\/media?parent=4"}],"curies":[{"name":"wp","href":"https:\/\/api.w.org\/{rel}","templated":true}]}}