{"id":4,"date":"2023-03-04T18:24:59","date_gmt":"2023-03-04T18:24:59","guid":{"rendered":"http:\/\/imker.pl\/platforma-do-kursow\/index.php\/strona-glowna\/"},"modified":"2025-03-06T09:46:28","modified_gmt":"2025-03-06T07:46:28","slug":"strona-glowna","status":"publish","type":"page","link":"https:\/\/imker.pl\/platforma-do-kursow\/","title":{"rendered":"Imker Kursy | Platforma do kurs\u00f3w | Sprzeda\u017c i obs\u0142uga kurs\u00f3w online"},"content":{"rendered":"","protected":false},"excerpt":{"rendered":"","protected":false},"author":1,"featured_media":0,"parent":0,"menu_order":0,"comment_status":"closed","ping_status":"closed","template":"","meta":{"_acf_changed":false,"footnotes":""},"class_list":["post-4","page","type-page","status-publish","hentry"],"acf":[],"_links":{"self":[{"href":"https:\/\/imker.pl\/platforma-do-kursow\/wp-json\/wp\/v2\/pages\/4","targetHints":{"allow":["GET"]}}],"collection":[{"href":"https:\/\/imker.pl\/platforma-do-kursow\/wp-json\/wp\/v2\/pages"}],"about":[{"href":"https:\/\/imker.pl\/platforma-do-kursow\/wp-json\/wp\/v2\/types\/page"}],"author":[{"embeddable":true,"href":"https:\/\/imker.pl\/platforma-do-kursow\/wp-json\/wp\/v2\/users\/1"}],"replies":[{"embeddable":true,"href":"https:\/\/imker.pl\/platforma-do-kursow\/wp-json\/wp\/v2\/comments?post=4"}],"version-history":[{"count":411,"href":"https:\/\/imker.pl\/platforma-do-kursow\/wp-json\/wp\/v2\/pages\/4\/revisions"}],"predecessor-version":[{"id":1273,"href":"https:\/\/imker.pl\/platforma-do-kursow\/wp-json\/wp\/v2\/pages\/4\/revisions\/1273"}],"wp:attachment":[{"href":"https:\/\/imker.pl\/platforma-do-kursow\/wp-json\/wp\/v2\/media?parent=4"}],"curies":[{"name":"wp","href":"https:\/\/api.w.org\/{rel}","templated":true}]}}